{"id":897,"date":"2023-01-29T18:35:31","date_gmt":"2023-01-29T16:35:31","guid":{"rendered":"https:\/\/segelfliegen-hersbruck.de\/?page_id=897"},"modified":"2023-02-12T19:01:38","modified_gmt":"2023-02-12T17:01:38","slug":"haeufig-gestellte-fragen-zu-unseren-rundfluegen","status":"publish","type":"page","link":"https:\/\/segelfliegen-hersbruck.de\/?page_id=897","title":{"rendered":"H\u00e4ufig gestellte Fragen zu unseren Rundfl\u00fcgen"},"content":{"rendered":"<p><a href=\"https:\/\/segelfliegen-hersbruck.de\/?page_id=891\"><img loading=\"lazy\" decoding=\"async\" class=\"alignnone wp-image-793\" src=\"https:\/\/segelfliegen-hersbruck.de\/wp-content\/uploads\/2022\/04\/2022_Gutschein-beschriftet-400.jpg\" alt=\"\" width=\"283\" height=\"207\" srcset=\"https:\/\/segelfliegen-hersbruck.de\/wp-content\/uploads\/2022\/04\/2022_Gutschein-beschriftet-400.jpg 400w, https:\/\/segelfliegen-hersbruck.de\/wp-content\/uploads\/2022\/04\/2022_Gutschein-beschriftet-400-300x220.jpg 300w\" sizes=\"auto, (max-width: 283px) 100vw, 283px\" \/><\/a><\/p>\n<p><strong>Sehr h\u00e4ufig werden uns folgende Fragen zum Thema &#8222;Rundfl\u00fcge vom Segelfluggel\u00e4nde Hersbruck&#8220; gestellt, die wir gerne vorab beantworten m\u00f6chten:<\/strong><\/p>\n<ul>\n<li>Wo befindet sich das Segelfluggel\u00e4nde Hersbruck?<br \/>\nEine Wegbeschreibung finden Sie <a href=\"https:\/\/segelfliegen-hersbruck.de\/?page_id=47\">hier (Segelfluggel\u00e4nde Hersbruck)<\/a>.<\/li>\n<li><strong>Wie viele Passagiere k\u00f6nnen je Flug mitfliegen?<\/strong><br \/>\nSowohl im Segelflugzeug, als auch im Motorsegler kann immer ein einzelner Passagier bef\u00f6rdert werden.<\/li>\n<li><strong>Wie lange dauert ein Rundflug mit dem Segelflugzeug?<\/strong><br \/>\nEs liegt in der Natur des Segelfliegens, dass die f\u00fcr einen l\u00e4ngeren Flug n\u00f6tige Thermik nicht garantiert werden kann. So k\u00f6nnen wir leider keine genaue Angabe zur Dauer machen. Ein Passagierflug mit dem Segelflugzeug dauert ca. 5-15 Minuten.<\/li>\n<li><strong>Ich habe einen Termin vereinbart. Leider ist das Wetter unsicher. Was soll ich tun?<\/strong><br \/>\nWir bem\u00fchen uns, die Fl\u00fcge auch bei weniger gutem Wetter durchzuf\u00fchren. Sobald absehbar ist, dass wir den Flug absagen m\u00fcssen, werden wir Sie umgehend informieren. Bitte geben Sie dazu bei der Reservierung unbedingt Ihre Telefonnummer an.<\/li>\n<li><strong>Ich habe einen Termin vereinbart. Leider kann ich diesen nicht wahrnehmen. Wen kann ich informieren?<\/strong><br \/>\nBitte informieren Sie uns unbedingt &#8211; m\u00f6glichst rechtzeitig &#8211; wenn Sie einen Rundflug absagen m\u00f6chten. Bitte rufen Sie dazu die Nummer <strong>0176\/32100846<\/strong> an. Hier ist auch eine Mailbox eingerichtet.<\/li>\n<li><strong>Zu welcher Jahreszeit sind Rundfl\u00fcge m\u00f6glich?<\/strong><br \/>\nHaupts\u00e4chlich fliegen wir von Anfang April bis Ende Oktober. In diesem Zeitraum f\u00fchren wir auch Rundfl\u00fcge durch. Als Sportverein konzentrieren wir uns vor allem von Mai bis Mitte August auf unsere <a href=\"https:\/\/segelfliegen-hersbruck.de\/?page_id=768\">sportlichen Aktivit\u00e4ten<\/a> und freuen uns, wenn wir den Schwerpunkt der Rundfl\u00fcge eher in den Sp\u00e4tsommer\/Herbst legen k\u00f6nnen. Selbstverst\u00e4ndlich stehen wir aber grunds\u00e4tzlich \u00fcber die gesamte Saison f\u00fcr Rundflugtermine zur Verf\u00fcgung.<\/li>\n<li><strong>Wie weit im Voraus sollten Rundflugtermine vereinbart werden?<\/strong><br \/>\nSie k\u00f6nnen gerne auch langfristig einen Termin vereinbaren. Da die Durchf\u00fchrung von Rundfl\u00fcgen aber immer vom Wetter abh\u00e4ngt, kann es nat\u00fcrlich sein, dass der Termin &#8222;ins Wasser&#8220; f\u00e4llt.<\/li>\n<li><strong>Ich brauche kurzfristig einen Gutschein, z.B. als Geschenk und kann den Postweg nicht abwarten. Welche M\u00f6glichkeiten bestehen?<\/strong><br \/>\nSie k\u00f6nnen in allen Filialen der Firma <a href=\"http:\/\/www.reifen-lorenz.de\/\">Reifen-Lorenz<\/a> und bei <a href=\"http:\/\/www.rauenbusch-hersbruck.de\/\">Spielwaren Rauenbusch<\/a> in Hersbruck zu den Gesch\u00e4ftszeiten Gutscheine erwerben. Auch auf dem Segelfluggel\u00e4nde Hersbruck k\u00f6nnen w\u00e4hrend der Saison Freitags ab 20.00 Uhr sowie bei Flugbetrieb Gutscheine erworben werden.<\/li>\n<li><strong>Was ben\u00f6tige ich f\u00fcr den Rundflug?<\/strong><br \/>\nDer Jahreszeit angepasste Kleidung, Sonnenhut und Sonnenbrille.<\/li>\n<li><strong>Darf man w\u00e4hrend des Fluges fotografieren oder filmen?<\/strong><br \/>\nJa, ohne Einschr\u00e4nkung. Allerdings sollte die Mitnahme gr\u00f6\u00dferer Kameras oder Objektive mit dem Piloten bzw. der Pilotin abgekl\u00e4rt werden.<\/li>\n<li><strong>Kann ich einen Rundflug spontan verl\u00e4ngern?<\/strong><br \/>\nJa, gerne. Allerdings immer in Abh\u00e4ngigkeit von der weiteren Terminplanung des Tages.<\/li>\n<li><strong>Ab welchem Alter kann man mitfliegen?<\/strong><br \/>\nEs gibt keine Mindestalter. Allerdings ist es wichtig, das Kind ordnungsgem\u00e4\u00df anschnallen zu k\u00f6nnen. Au\u00dferdem sollte eine ausreichende Kommunikation zwischen Pilot\/-in und dem Kind gegeben sein.<\/li>\n<li><strong>Wann m\u00fcssen wir einen Rundflug verweigern?<\/strong><br \/>\nWenn Sie unter dem Einfluss von Alkohol oder anderen Drogen stehen.<br \/>\nWenn Sie stark erk\u00e4ltet sind (Druckausgleich eingeschr\u00e4nkt)<br \/>\nWenn Sie stark \u00fcbergewichtig sind. Unsere Flugzeuge haben eine maximale Zuladung (Pilot und Passagier zzgl. Sprit). Diese darf nicht \u00fcberschritten werden.<\/li>\n<li><strong>Ich bin in meiner Bewegung stark eingeschr\u00e4nkt und\/oder sitze im Rollstuhl. Kann ich trotzdem mitfliegen?<\/strong><br \/>\nDas l\u00e4sst sich leider nicht pauschal beantworten. Wir haben weder Gangway noch eine Hebevorrichtung. Wir werden alles versuchen, Ihnen das Erlebnis trotzdem zu erm\u00f6glichen. Bitte sprechen Sie uns unter 0176\/32100846 an, damit wir eine individuelle L\u00f6sung suchen k\u00f6nnen.<\/li>\n<\/ul>\n","protected":false},"excerpt":{"rendered":"<p>Sehr h\u00e4ufig werden uns folgende Fragen zum Thema &#8222;Rundfl\u00fcge vom Segelfluggel\u00e4nde Hersbruck&#8220; gestellt, die wir gerne vorab beantworten m\u00f6chten: Wo befindet sich das Segelfluggel\u00e4nde Hersbruck? Eine Wegbeschreibung finden Sie hier (Segelfluggel\u00e4nde Hersbruck). Wie viele Passagiere k\u00f6nnen je Flug mitfliegen? Sowohl<\/p>\n","protected":false},"author":1,"featured_media":0,"parent":0,"menu_order":0,"comment_status":"closed","ping_status":"closed","template":"","meta":{"footnotes":""},"class_list":["post-897","page","type-page","status-publish","hentry"],"_links":{"self":[{"href":"https:\/\/segelfliegen-hersbruck.de\/index.php?rest_route=\/wp\/v2\/pages\/897","targetHints":{"allow":["GET"]}}],"collection":[{"href":"https:\/\/segelfliegen-hersbruck.de\/index.php?rest_route=\/wp\/v2\/pages"}],"about":[{"href":"https:\/\/segelfliegen-hersbruck.de\/index.php?rest_route=\/wp\/v2\/types\/page"}],"author":[{"embeddable":true,"href":"https:\/\/segelfliegen-hersbruck.de\/index.php?rest_route=\/wp\/v2\/users\/1"}],"replies":[{"embeddable":true,"href":"https:\/\/segelfliegen-hersbruck.de\/index.php?rest_route=%2Fwp%2Fv2%2Fcomments&post=897"}],"version-history":[{"count":11,"href":"https:\/\/segelfliegen-hersbruck.de\/index.php?rest_route=\/wp\/v2\/pages\/897\/revisions"}],"predecessor-version":[{"id":911,"href":"https:\/\/segelfliegen-hersbruck.de\/index.php?rest_route=\/wp\/v2\/pages\/897\/revisions\/911"}],"wp:attachment":[{"href":"https:\/\/segelfliegen-hersbruck.de\/index.php?rest_route=%2Fwp%2Fv2%2Fmedia&parent=897"}],"curies":[{"name":"wp","href":"https:\/\/api.w.org\/{rel}","templated":true}]}}