{"id":48,"date":"2018-05-08T20:34:35","date_gmt":"2018-05-08T20:34:35","guid":{"rendered":"http:\/\/wp.segelfliegen-hersbruck.de\/?page_id=48"},"modified":"2024-02-26T12:22:21","modified_gmt":"2024-02-26T10:22:21","slug":"rundfluege","status":"publish","type":"page","link":"https:\/\/segelfliegen-hersbruck.de\/?page_id=48","title":{"rendered":"Rundfl\u00fcge"},"content":{"rendered":"<p>Sie brauchen dringend noch ein Geschenk f\u00fcr den n\u00e4chsten Geburtstag, Hochzeit, Firmenjubil\u00e4um &#8211; ein Geschenk, das garantiert aus der Reihe tanzt ?<br \/>Dann schenken Sie doch einen Gutschein f\u00fcr einen Flug mit dem Segelflugzeug oder Motorsegler, den Sie \u00fcber unser <a href=\"https:\/\/segelfliegen-hersbruck.de\/?page_id=891\">Formular<\/a> und in allen Filialen der Firma Reifen Lorenz erwerben k\u00f6nnen.<\/p>\r\n<p><a href=\"https:\/\/segelfliegen-hersbruck.de\/?page_id=891\"><img loading=\"lazy\" decoding=\"async\" class=\"alignnone size-full wp-image-793\" src=\"https:\/\/segelfliegen-hersbruck.de\/wp-content\/uploads\/2022\/04\/2022_Gutschein-beschriftet-400.jpg\" alt=\"\" width=\"400\" height=\"293\" srcset=\"https:\/\/segelfliegen-hersbruck.de\/wp-content\/uploads\/2022\/04\/2022_Gutschein-beschriftet-400.jpg 400w, https:\/\/segelfliegen-hersbruck.de\/wp-content\/uploads\/2022\/04\/2022_Gutschein-beschriftet-400-300x220.jpg 300w\" sizes=\"auto, (max-width: 400px) 100vw, 400px\" \/><\/a><\/p>\r\n<p><strong>Rundfl\u00fcge mit dem Motorsegler<\/strong><br \/>Rundflug um Hersbruck, Festung Rothenberg, Burg Hohenstein<br \/>Flugdauer: ca. 20 min 50,00 EUR<\/p>\r\n<p>Flug zu einem Punkt Ihrer Wahl:<br \/>Flugdauer:<br \/>30 min: 69,00 EUR<br \/>45 min: 92,00 EUR<br \/>60 min: 115,00 EUR<br \/>75 min: 150,00 EUR<\/p>\r\n<p>Rundfl\u00fcge mit dem Segelflugzeug<br \/>ca. 10 min: 25,00 EUR (Bei Rundfl\u00fcgen mit dem Segelflugzeug kann die Dauer nicht genau angegeben werden)<\/p>\r\n<p>Bitte melden Sie sich unter der Telefonnummer 0176\/32100846 an, damit wir Ihnen einen Zeitraum f\u00fcr Ihren Rundflug reservieren k\u00f6nnen.<\/p>\r\n<p>Auf unserer <a href=\"https:\/\/segelfliegen-hersbruck.de\/?page_id=897\">Rundflug-FAQ-Seite<\/a> finden Sie Antworten auf viele h\u00e4ufige Fragen rund um das Thema &#8222;Rundfl\u00fcge auf dem Segelfluggel\u00e4nde Hersbruck&#8220;.<\/p>\r\n<p><strong>Noch ein Hinweis in eigener Sache<\/strong>: Wir f\u00fchren die Rundfl\u00fcge und den gesamten Flugbetrieb in unserer Freizeit durch. Die daf\u00fcr von uns kalkulierten Geb\u00fchren decken nur die Selbstkosten. Wir nehmen sehr gerne Passagier mit. Uns geht es dabei nicht darum Geld zu verdienen, sondern ihnen die Sch\u00f6nheit und Faszination unseres Sportes und der Hersbrucker Schweiz zu zeigen. Bitte haben Sie Verst\u00e4ndnis, wenn es dabei gelegentlich zu Verz\u00f6gerungen kommt. Auch geht Sicherheit immer vor. D.h. notfalls muss auch mal ein Flug wegen schlechten Wetters oder wegen technischer Probleme abgesagt oder verschoben werden.<\/p>\r\n\r\n<p>&nbsp;<\/p>\r\n","protected":false},"excerpt":{"rendered":"<p>Sie brauchen dringend noch ein Geschenk f\u00fcr den n\u00e4chsten Geburtstag, Hochzeit, Firmenjubil\u00e4um &#8211; ein Geschenk, das garantiert aus der Reihe tanzt ?Dann schenken Sie doch einen Gutschein f\u00fcr einen Flug mit dem Segelflugzeug oder Motorsegler, den Sie \u00fcber unser Formular<\/p>\n","protected":false},"author":1,"featured_media":0,"parent":0,"menu_order":0,"comment_status":"closed","ping_status":"closed","template":"","meta":{"footnotes":""},"class_list":["post-48","page","type-page","status-publish","hentry"],"_links":{"self":[{"href":"https:\/\/segelfliegen-hersbruck.de\/index.php?rest_route=\/wp\/v2\/pages\/48","targetHints":{"allow":["GET"]}}],"collection":[{"href":"https:\/\/segelfliegen-hersbruck.de\/index.php?rest_route=\/wp\/v2\/pages"}],"about":[{"href":"https:\/\/segelfliegen-hersbruck.de\/index.php?rest_route=\/wp\/v2\/types\/page"}],"author":[{"embeddable":true,"href":"https:\/\/segelfliegen-hersbruck.de\/index.php?rest_route=\/wp\/v2\/users\/1"}],"replies":[{"embeddable":true,"href":"https:\/\/segelfliegen-hersbruck.de\/index.php?rest_route=%2Fwp%2Fv2%2Fcomments&post=48"}],"version-history":[{"count":20,"href":"https:\/\/segelfliegen-hersbruck.de\/index.php?rest_route=\/wp\/v2\/pages\/48\/revisions"}],"predecessor-version":[{"id":976,"href":"https:\/\/segelfliegen-hersbruck.de\/index.php?rest_route=\/wp\/v2\/pages\/48\/revisions\/976"}],"wp:attachment":[{"href":"https:\/\/segelfliegen-hersbruck.de\/index.php?rest_route=%2Fwp%2Fv2%2Fmedia&parent=48"}],"curies":[{"name":"wp","href":"https:\/\/api.w.org\/{rel}","templated":true}]}}