{"id":45,"date":"2018-05-08T20:34:35","date_gmt":"2018-05-08T20:34:35","guid":{"rendered":"http:\/\/wp.segelfliegen-hersbruck.de\/?page_id=45"},"modified":"2026-02-03T18:33:49","modified_gmt":"2026-02-03T16:33:49","slug":"flotte","status":"publish","type":"page","link":"https:\/\/segelfliegen-hersbruck.de\/?page_id=45","title":{"rendered":"Flotte"},"content":{"rendered":"<p><strong>Auf dem Segelfluggel\u00e4nde Hersbruck sind zurzeit folgende Vereinsflugzeuge stationiert:<\/strong><\/p>\n<figure id=\"attachment_115\" aria-describedby=\"caption-attachment-115\" style=\"width: 800px\" class=\"wp-caption alignnone\"><img loading=\"lazy\" decoding=\"async\" class=\"wp-image-115 size-full\" src=\"https:\/\/segelfliegen-hersbruck.de\/wp-content\/uploads\/2018\/05\/DSC_0412-2-800.jpg\" alt=\"Motorsegler Super Dimona HK36 TTC\" width=\"800\" height=\"490\" srcset=\"https:\/\/segelfliegen-hersbruck.de\/wp-content\/uploads\/2018\/05\/DSC_0412-2-800.jpg 800w, https:\/\/segelfliegen-hersbruck.de\/wp-content\/uploads\/2018\/05\/DSC_0412-2-800-300x184.jpg 300w, https:\/\/segelfliegen-hersbruck.de\/wp-content\/uploads\/2018\/05\/DSC_0412-2-800-768x470.jpg 768w\" sizes=\"auto, (max-width: 800px) 100vw, 800px\" \/><figcaption id=\"caption-attachment-115\" class=\"wp-caption-text\">Super Dimona HK36 TTC D-KKCN<br \/>Mit dem Motorsegler werden unsere Segelflugzeuge f\u00fcr Streckenfl\u00fcge geschleppt und Passagiere geflogen.<\/figcaption><\/figure>\n<figure id=\"attachment_119\" aria-describedby=\"caption-attachment-119\" style=\"width: 800px\" class=\"wp-caption alignnone\"><img loading=\"lazy\" decoding=\"async\" class=\"wp-image-119 size-full\" src=\"https:\/\/segelfliegen-hersbruck.de\/wp-content\/uploads\/2018\/05\/6286_2-800.jpg\" alt=\"\" width=\"800\" height=\"552\" srcset=\"https:\/\/segelfliegen-hersbruck.de\/wp-content\/uploads\/2018\/05\/6286_2-800.jpg 800w, https:\/\/segelfliegen-hersbruck.de\/wp-content\/uploads\/2018\/05\/6286_2-800-300x207.jpg 300w, https:\/\/segelfliegen-hersbruck.de\/wp-content\/uploads\/2018\/05\/6286_2-800-768x530.jpg 768w\" sizes=\"auto, (max-width: 800px) 100vw, 800px\" \/><figcaption id=\"caption-attachment-119\" class=\"wp-caption-text\">Doppelsitzer Grob G103 Twin III D-6286<br \/>Der TWIN III dient sowohl zum Streckenfliegen, als auch f\u00fcr Schulung und Passagierfl\u00fcge.<\/figcaption><\/figure>\n<figure id=\"attachment_122\" aria-describedby=\"caption-attachment-122\" style=\"width: 800px\" class=\"wp-caption alignnone\"><img loading=\"lazy\" decoding=\"async\" class=\"wp-image-122 size-full\" src=\"https:\/\/segelfliegen-hersbruck.de\/wp-content\/uploads\/2018\/05\/4281_2-800.jpg\" alt=\"\" width=\"800\" height=\"522\" srcset=\"https:\/\/segelfliegen-hersbruck.de\/wp-content\/uploads\/2018\/05\/4281_2-800.jpg 800w, https:\/\/segelfliegen-hersbruck.de\/wp-content\/uploads\/2018\/05\/4281_2-800-300x196.jpg 300w, https:\/\/segelfliegen-hersbruck.de\/wp-content\/uploads\/2018\/05\/4281_2-800-768x501.jpg 768w\" sizes=\"auto, (max-width: 800px) 100vw, 800px\" \/><figcaption id=\"caption-attachment-122\" class=\"wp-caption-text\">Doppelsitzer Grob G103 Twin II D-4281<br \/>Der TWIN II wird haupts\u00e4chlich f\u00fcr die Schulung eingesetzt.<\/figcaption><\/figure>\n<figure id=\"attachment_125\" aria-describedby=\"caption-attachment-125\" style=\"width: 800px\" class=\"wp-caption alignnone\"><img loading=\"lazy\" decoding=\"async\" class=\"wp-image-125 size-full\" src=\"https:\/\/segelfliegen-hersbruck.de\/wp-content\/uploads\/2018\/05\/2711-800.jpg\" alt=\"\" width=\"800\" height=\"556\" srcset=\"https:\/\/segelfliegen-hersbruck.de\/wp-content\/uploads\/2018\/05\/2711-800.jpg 800w, https:\/\/segelfliegen-hersbruck.de\/wp-content\/uploads\/2018\/05\/2711-800-300x209.jpg 300w, https:\/\/segelfliegen-hersbruck.de\/wp-content\/uploads\/2018\/05\/2711-800-768x534.jpg 768w\" sizes=\"auto, (max-width: 800px) 100vw, 800px\" \/><figcaption id=\"caption-attachment-125\" class=\"wp-caption-text\">Einsitzer LS4 D-2711<br \/>Die LS4 wird haupts\u00e4chlich f\u00fcr den Streckenflug verwendet. Der weiteste Flug, der mit ihr vom Segelfluggel\u00e4nde Hersbruck gestartet wurde erstreckte sich \u00fcber 840 km<\/figcaption><\/figure>\n<figure id=\"attachment_127\" aria-describedby=\"caption-attachment-127\" style=\"width: 800px\" class=\"wp-caption alignnone\"><img loading=\"lazy\" decoding=\"async\" class=\"wp-image-127 size-full\" src=\"https:\/\/segelfliegen-hersbruck.de\/wp-content\/uploads\/2018\/05\/8865-800.jpg\" alt=\"\" width=\"800\" height=\"504\" srcset=\"https:\/\/segelfliegen-hersbruck.de\/wp-content\/uploads\/2018\/05\/8865-800.jpg 800w, https:\/\/segelfliegen-hersbruck.de\/wp-content\/uploads\/2018\/05\/8865-800-300x189.jpg 300w, https:\/\/segelfliegen-hersbruck.de\/wp-content\/uploads\/2018\/05\/8865-800-768x484.jpg 768w\" sizes=\"auto, (max-width: 800px) 100vw, 800px\" \/><figcaption id=\"caption-attachment-127\" class=\"wp-caption-text\">Einsitzer LS4 D-8865<br \/>Die zweite LS4 wurde f\u00fcr die Streckenflugfortgeschrittenen angeschafft, die bereits erste \u00dcberlandfl\u00fcge mit den Schulungseinsitzern absolviert haben.<\/figcaption><\/figure>\n<figure id=\"attachment_129\" aria-describedby=\"caption-attachment-129\" style=\"width: 800px\" class=\"wp-caption alignnone\"><img loading=\"lazy\" decoding=\"async\" class=\"wp-image-129 size-full\" src=\"https:\/\/segelfliegen-hersbruck.de\/wp-content\/uploads\/2018\/05\/1986-800.jpg\" alt=\"\" width=\"800\" height=\"500\" srcset=\"https:\/\/segelfliegen-hersbruck.de\/wp-content\/uploads\/2018\/05\/1986-800.jpg 800w, https:\/\/segelfliegen-hersbruck.de\/wp-content\/uploads\/2018\/05\/1986-800-300x188.jpg 300w, https:\/\/segelfliegen-hersbruck.de\/wp-content\/uploads\/2018\/05\/1986-800-768x480.jpg 768w\" sizes=\"auto, (max-width: 800px) 100vw, 800px\" \/><figcaption id=\"caption-attachment-129\" class=\"wp-caption-text\">Einsitzer Standard Cirrus (Lizenzbau Grob) D-1986<br \/>Einsatzzweck: Streckenflug<\/figcaption><\/figure>\n<figure id=\"attachment_130\" aria-describedby=\"caption-attachment-130\" style=\"width: 800px\" class=\"wp-caption alignnone\"><img loading=\"lazy\" decoding=\"async\" class=\"wp-image-130 size-full\" src=\"https:\/\/segelfliegen-hersbruck.de\/wp-content\/uploads\/2018\/05\/IMG_7636-800.jpg\" alt=\"\" width=\"800\" height=\"500\" srcset=\"https:\/\/segelfliegen-hersbruck.de\/wp-content\/uploads\/2018\/05\/IMG_7636-800.jpg 800w, https:\/\/segelfliegen-hersbruck.de\/wp-content\/uploads\/2018\/05\/IMG_7636-800-300x188.jpg 300w, https:\/\/segelfliegen-hersbruck.de\/wp-content\/uploads\/2018\/05\/IMG_7636-800-768x480.jpg 768w\" sizes=\"auto, (max-width: 800px) 100vw, 800px\" \/><figcaption id=\"caption-attachment-130\" class=\"wp-caption-text\">Einsitzer Grob Astir CS D-4262<br \/>Auf diesen Einsitzer wird nach den ersten Alleinfl\u00fcgen auf dem Twin umgestiegen. Mit ihm lassen sich auch gut gr\u00f6\u00dfere Strecken \u00fcberwinden.<\/figcaption><\/figure>\n<hr \/>\n<p><strong>Au\u00dferdem fliegen hier noch folgende Privatflugzeuge:<\/strong><\/p>\n<figure id=\"attachment_1018\" aria-describedby=\"caption-attachment-1018\" style=\"width: 800px\" class=\"wp-caption alignnone\"><a href=\"https:\/\/segelfliegen-hersbruck.de\/wp-content\/uploads\/2026\/02\/DSC_4858-2-1-800-500.jpg\"><img loading=\"lazy\" decoding=\"async\" class=\"wp-image-1018 size-full\" src=\"https:\/\/segelfliegen-hersbruck.de\/wp-content\/uploads\/2026\/02\/DSC_4858-2-1-800-500.jpg\" alt=\"\" width=\"800\" height=\"466\" srcset=\"https:\/\/segelfliegen-hersbruck.de\/wp-content\/uploads\/2026\/02\/DSC_4858-2-1-800-500.jpg 800w, https:\/\/segelfliegen-hersbruck.de\/wp-content\/uploads\/2026\/02\/DSC_4858-2-1-800-500-300x175.jpg 300w, https:\/\/segelfliegen-hersbruck.de\/wp-content\/uploads\/2026\/02\/DSC_4858-2-1-800-500-768x447.jpg 768w\" sizes=\"auto, (max-width: 800px) 100vw, 800px\" \/><\/a><figcaption id=\"caption-attachment-1018\" class=\"wp-caption-text\">HPH 304S SHARK<br \/>Einsatzzweck: Streckenflug<\/figcaption><\/figure>\n<figure id=\"attachment_1020\" aria-describedby=\"caption-attachment-1020\" style=\"width: 800px\" class=\"wp-caption alignnone\"><a href=\"https:\/\/segelfliegen-hersbruck.de\/wp-content\/uploads\/2026\/02\/ML400401-1-800-500.jpg\"><img loading=\"lazy\" decoding=\"async\" class=\"wp-image-1020 size-full\" src=\"https:\/\/segelfliegen-hersbruck.de\/wp-content\/uploads\/2026\/02\/ML400401-1-800-500.jpg\" alt=\"\" width=\"800\" height=\"500\" srcset=\"https:\/\/segelfliegen-hersbruck.de\/wp-content\/uploads\/2026\/02\/ML400401-1-800-500.jpg 800w, https:\/\/segelfliegen-hersbruck.de\/wp-content\/uploads\/2026\/02\/ML400401-1-800-500-300x188.jpg 300w, https:\/\/segelfliegen-hersbruck.de\/wp-content\/uploads\/2026\/02\/ML400401-1-800-500-768x480.jpg 768w\" sizes=\"auto, (max-width: 800px) 100vw, 800px\" \/><\/a><figcaption id=\"caption-attachment-1020\" class=\"wp-caption-text\">Schempp-Hirth Arcus M<br \/>Einsatzzweck: Streckenflug<\/figcaption><\/figure>\n<figure id=\"attachment_1022\" aria-describedby=\"caption-attachment-1022\" style=\"width: 750px\" class=\"wp-caption alignnone\"><a href=\"https:\/\/segelfliegen-hersbruck.de\/wp-content\/uploads\/2026\/02\/DSC4187-scaled.jpg\"><img loading=\"lazy\" decoding=\"async\" class=\"wp-image-1022 size-large\" src=\"https:\/\/segelfliegen-hersbruck.de\/wp-content\/uploads\/2026\/02\/DSC4187-1024x514.jpg\" alt=\"\" width=\"750\" height=\"376\" srcset=\"https:\/\/segelfliegen-hersbruck.de\/wp-content\/uploads\/2026\/02\/DSC4187-1024x514.jpg 1024w, https:\/\/segelfliegen-hersbruck.de\/wp-content\/uploads\/2026\/02\/DSC4187-300x151.jpg 300w, https:\/\/segelfliegen-hersbruck.de\/wp-content\/uploads\/2026\/02\/DSC4187-768x386.jpg 768w, https:\/\/segelfliegen-hersbruck.de\/wp-content\/uploads\/2026\/02\/DSC4187-1536x771.jpg 1536w, https:\/\/segelfliegen-hersbruck.de\/wp-content\/uploads\/2026\/02\/DSC4187-2048x1028.jpg 2048w\" sizes=\"auto, (max-width: 750px) 100vw, 750px\" \/><\/a><figcaption id=\"caption-attachment-1022\" class=\"wp-caption-text\">Alexander Schleicher KA 6 CR<br \/>Einsatzzweck: Streckenflug<\/figcaption><\/figure>\n<figure id=\"attachment_139\" aria-describedby=\"caption-attachment-139\" style=\"width: 800px\" class=\"wp-caption alignnone\"><img loading=\"lazy\" decoding=\"async\" class=\"wp-image-139 size-full\" src=\"https:\/\/segelfliegen-hersbruck.de\/wp-content\/uploads\/2018\/05\/img_2616-1-800.jpg\" alt=\"\" width=\"800\" height=\"500\" srcset=\"https:\/\/segelfliegen-hersbruck.de\/wp-content\/uploads\/2018\/05\/img_2616-1-800.jpg 800w, https:\/\/segelfliegen-hersbruck.de\/wp-content\/uploads\/2018\/05\/img_2616-1-800-300x188.jpg 300w, https:\/\/segelfliegen-hersbruck.de\/wp-content\/uploads\/2018\/05\/img_2616-1-800-768x480.jpg 768w\" sizes=\"auto, (max-width: 800px) 100vw, 800px\" \/><figcaption id=\"caption-attachment-139\" class=\"wp-caption-text\">LS4 D-2258<br \/>Einsatzzweck: Streckenflug<\/figcaption><\/figure>\n<figure id=\"attachment_143\" aria-describedby=\"caption-attachment-143\" style=\"width: 800px\" class=\"wp-caption alignnone\"><img loading=\"lazy\" decoding=\"async\" class=\"wp-image-143 size-full\" src=\"https:\/\/segelfliegen-hersbruck.de\/wp-content\/uploads\/2018\/05\/D9419-800.jpg\" alt=\"\" width=\"800\" height=\"500\" srcset=\"https:\/\/segelfliegen-hersbruck.de\/wp-content\/uploads\/2018\/05\/D9419-800.jpg 800w, https:\/\/segelfliegen-hersbruck.de\/wp-content\/uploads\/2018\/05\/D9419-800-300x188.jpg 300w, https:\/\/segelfliegen-hersbruck.de\/wp-content\/uploads\/2018\/05\/D9419-800-768x480.jpg 768w\" sizes=\"auto, (max-width: 800px) 100vw, 800px\" \/><figcaption id=\"caption-attachment-143\" class=\"wp-caption-text\">L-Spatz D-9419 &#8211; &#8222;Roter Baron&#8220;<br \/>Einsatzzweck: Streckenflug (!)<\/figcaption><\/figure>\n<figure id=\"attachment_147\" aria-describedby=\"caption-attachment-147\" style=\"width: 800px\" class=\"wp-caption alignnone\"><img loading=\"lazy\" decoding=\"async\" class=\"wp-image-147 size-full\" src=\"https:\/\/segelfliegen-hersbruck.de\/wp-content\/uploads\/2018\/05\/Nimbus-2c.jpg\" alt=\"\" width=\"800\" height=\"500\" srcset=\"https:\/\/segelfliegen-hersbruck.de\/wp-content\/uploads\/2018\/05\/Nimbus-2c.jpg 800w, https:\/\/segelfliegen-hersbruck.de\/wp-content\/uploads\/2018\/05\/Nimbus-2c-300x188.jpg 300w, https:\/\/segelfliegen-hersbruck.de\/wp-content\/uploads\/2018\/05\/Nimbus-2c-768x480.jpg 768w\" sizes=\"auto, (max-width: 800px) 100vw, 800px\" \/><figcaption id=\"caption-attachment-147\" class=\"wp-caption-text\">Nimbus-2c D-8747<br \/>Einsatzzweck: Streckenflug<\/figcaption><\/figure>\n<figure id=\"attachment_234\" aria-describedby=\"caption-attachment-234\" style=\"width: 800px\" class=\"wp-caption alignnone\"><img loading=\"lazy\" decoding=\"async\" class=\"wp-image-234 size-full\" src=\"https:\/\/segelfliegen-hersbruck.de\/wp-content\/uploads\/2020\/08\/ASW19b-800-2.jpg\" alt=\"\" width=\"800\" height=\"450\" \/><figcaption id=\"caption-attachment-234\" class=\"wp-caption-text\">ASW-19b D-7660<br \/>Einsatzzweck: Streckenflug<\/figcaption><\/figure>\n<figure id=\"attachment_320\" aria-describedby=\"caption-attachment-320\" style=\"width: 800px\" class=\"wp-caption alignnone\"><img loading=\"lazy\" decoding=\"async\" class=\"size-full wp-image-320\" src=\"https:\/\/segelfliegen-hersbruck.de\/wp-content\/uploads\/2019\/01\/D-5403.jpg\" alt=\"D-5403\" width=\"800\" height=\"500\" srcset=\"https:\/\/segelfliegen-hersbruck.de\/wp-content\/uploads\/2019\/01\/D-5403.jpg 800w, https:\/\/segelfliegen-hersbruck.de\/wp-content\/uploads\/2019\/01\/D-5403-300x188.jpg 300w, https:\/\/segelfliegen-hersbruck.de\/wp-content\/uploads\/2019\/01\/D-5403-768x480.jpg 768w\" sizes=\"auto, (max-width: 800px) 100vw, 800px\" \/><figcaption id=\"caption-attachment-320\" class=\"wp-caption-text\">ASW20-BL D-5403<br \/>Einsatzzweck: Streckenflug<\/figcaption><\/figure>\n<figure id=\"attachment_1027\" aria-describedby=\"caption-attachment-1027\" style=\"width: 750px\" class=\"wp-caption alignnone\"><a href=\"https:\/\/segelfliegen-hersbruck.de\/wp-content\/uploads\/2026\/02\/IMG_6160-scaled.jpeg\"><img loading=\"lazy\" decoding=\"async\" class=\"wp-image-1027 size-large\" src=\"https:\/\/segelfliegen-hersbruck.de\/wp-content\/uploads\/2026\/02\/IMG_6160-1024x576.jpeg\" alt=\"\" width=\"750\" height=\"422\" srcset=\"https:\/\/segelfliegen-hersbruck.de\/wp-content\/uploads\/2026\/02\/IMG_6160-1024x576.jpeg 1024w, https:\/\/segelfliegen-hersbruck.de\/wp-content\/uploads\/2026\/02\/IMG_6160-300x169.jpeg 300w, https:\/\/segelfliegen-hersbruck.de\/wp-content\/uploads\/2026\/02\/IMG_6160-768x432.jpeg 768w, https:\/\/segelfliegen-hersbruck.de\/wp-content\/uploads\/2026\/02\/IMG_6160-1536x864.jpeg 1536w, https:\/\/segelfliegen-hersbruck.de\/wp-content\/uploads\/2026\/02\/IMG_6160-2048x1152.jpeg 2048w\" sizes=\"auto, (max-width: 750px) 100vw, 750px\" \/><\/a><figcaption id=\"caption-attachment-1027\" class=\"wp-caption-text\">Schempp-Hirth Ventus 2C<br \/>Einsatzzweck: Streckenflug<\/figcaption><\/figure>\n<figure id=\"attachment_1025\" aria-describedby=\"caption-attachment-1025\" style=\"width: 750px\" class=\"wp-caption alignnone\"><a href=\"https:\/\/segelfliegen-hersbruck.de\/wp-content\/uploads\/2026\/02\/DSC_0826-1-2500.jpg\"><img loading=\"lazy\" decoding=\"async\" class=\"wp-image-1025 size-large\" src=\"https:\/\/segelfliegen-hersbruck.de\/wp-content\/uploads\/2026\/02\/DSC_0826-1-2500-1024x640.jpg\" alt=\"\" width=\"750\" height=\"469\" srcset=\"https:\/\/segelfliegen-hersbruck.de\/wp-content\/uploads\/2026\/02\/DSC_0826-1-2500-1024x640.jpg 1024w, https:\/\/segelfliegen-hersbruck.de\/wp-content\/uploads\/2026\/02\/DSC_0826-1-2500-300x188.jpg 300w, https:\/\/segelfliegen-hersbruck.de\/wp-content\/uploads\/2026\/02\/DSC_0826-1-2500-768x480.jpg 768w, https:\/\/segelfliegen-hersbruck.de\/wp-content\/uploads\/2026\/02\/DSC_0826-1-2500-1536x960.jpg 1536w, https:\/\/segelfliegen-hersbruck.de\/wp-content\/uploads\/2026\/02\/DSC_0826-1-2500-2048x1280.jpg 2048w\" sizes=\"auto, (max-width: 750px) 100vw, 750px\" \/><\/a><figcaption id=\"caption-attachment-1025\" class=\"wp-caption-text\">UL WT9 Dynamic Einsatzzweck: Reiseflug, F-Schlepp<\/figcaption><\/figure>\n<p>Standard Cirrus-WL D-0105<br \/>\nEinsatzzweck: Streckenflug<\/p>\n","protected":false},"excerpt":{"rendered":"<p>Auf dem Segelfluggel\u00e4nde Hersbruck sind zurzeit folgende Vereinsflugzeuge stationiert: Au\u00dferdem fliegen hier noch folgende Privatflugzeuge: Standard Cirrus-WL D-0105 Einsatzzweck: Streckenflug<\/p>\n","protected":false},"author":1,"featured_media":0,"parent":0,"menu_order":0,"comment_status":"closed","ping_status":"closed","template":"","meta":{"footnotes":""},"class_list":["post-45","page","type-page","status-publish","hentry"],"_links":{"self":[{"href":"https:\/\/segelfliegen-hersbruck.de\/index.php?rest_route=\/wp\/v2\/pages\/45","targetHints":{"allow":["GET"]}}],"collection":[{"href":"https:\/\/segelfliegen-hersbruck.de\/index.php?rest_route=\/wp\/v2\/pages"}],"about":[{"href":"https:\/\/segelfliegen-hersbruck.de\/index.php?rest_route=\/wp\/v2\/types\/page"}],"author":[{"embeddable":true,"href":"https:\/\/segelfliegen-hersbruck.de\/index.php?rest_route=\/wp\/v2\/users\/1"}],"replies":[{"embeddable":true,"href":"https:\/\/segelfliegen-hersbruck.de\/index.php?rest_route=%2Fwp%2Fv2%2Fcomments&post=45"}],"version-history":[{"count":41,"href":"https:\/\/segelfliegen-hersbruck.de\/index.php?rest_route=\/wp\/v2\/pages\/45\/revisions"}],"predecessor-version":[{"id":1028,"href":"https:\/\/segelfliegen-hersbruck.de\/index.php?rest_route=\/wp\/v2\/pages\/45\/revisions\/1028"}],"wp:attachment":[{"href":"https:\/\/segelfliegen-hersbruck.de\/index.php?rest_route=%2Fwp%2Fv2%2Fmedia&parent=45"}],"curies":[{"name":"wp","href":"https:\/\/api.w.org\/{rel}","templated":true}]}}