{"id":420,"date":"2019-05-14T22:28:34","date_gmt":"2019-05-14T20:28:34","guid":{"rendered":"http:\/\/segelfliegen-hersbruck.de\/?page_id=420"},"modified":"2020-05-24T19:27:00","modified_gmt":"2020-05-24T17:27:00","slug":"sponsoren-und-foerderer","status":"publish","type":"page","link":"https:\/\/segelfliegen-hersbruck.de\/?page_id=420","title":{"rendered":"Sponsoren und F\u00f6rderer"},"content":{"rendered":"\r\n<p>Wir danken allen Spendern Sponsoren und F\u00f6rderern!<\/p>\r\n\r\n\r\n\r\n<p>Ohne Sie ist ein Sport wie Segelfliegen nicht realisierbar. Ihr Vertrauen ist uns Ansporn, Ihre Unterst\u00fctzung bestm\u00f6glich einzusetzen. Insbesondere der Segelflug vereint Teamwork, Jugendarbeit und Breitensport wie kaum eine andere Sportart &#8211; und das durch und durch im Ehrenamt organisiert.<\/p>\r\n\r\n\r\n\r\n<p>Die Luftsportgemeinschaft Hersbruck e.V. fliegt seit 2005 ununterbrochen in der ersten bzw. zweiten Segelflugbundesliga mit. Parallel dazu betreibt sie eine nach europ\u00e4ischem Recht lizenzierte und auditierte Flugschule, in der vor allem Jugendliche auf h\u00f6chstem Niveau intensiv in der verantwortlichen Aus\u00fcbung des Segelflugsportes ausgebildet werden. Keine der daf\u00fcr n\u00f6tigen Dienste wie Fluglehrer, Windenfahrer, Flugleiter, Werkstattleiter oder Platzwart werden dabei finanziell verg\u00fctet.<\/p>\r\n\r\n\r\n\r\n<p>Diese ausschlie\u00dfliche Ehrenamtlichkeit ist heutzutage nur noch selten im Sport anzutreffen. Wir freuen uns deshalb \u00fcber jede materielle und ideelle Unterst\u00fctzung.<\/p>\r\n<p>Die LSG Hersbruck e.V. ist als gemeinn\u00fctziger Verein im Sinne des \u00a7 10b des Einkommenssteuergesetzes anerkannt. Damit ist sie berechtigt, f\u00fcr die erhaltene Unterst\u00fctzung Spendenbescheinigungen auszustellen.<\/p>\r\n\r\n\r\n\r\n<p>Folgenden Firmen und Institutionen m\u00f6chten wir besonders f\u00fcr die teilweise jahrzehntelange Unterst\u00fctzung ganz herzlich danken:<\/p>\r\n<p>&nbsp;<\/p>\r\n<table>\r\n<tbody>\r\n<tr>\r\n<td><a href=\"https:\/\/www.hewagmbh.de\/\" target=\"_blank\" rel=\"noopener noreferrer\"><img loading=\"lazy\" decoding=\"async\" class=\"aligncenter wp-image-453 size-medium\" src=\"https:\/\/segelfliegen-hersbruck.de\/wp-content\/uploads\/2019\/05\/hewa_400x185-Website-300x139.jpg\" alt=\"\" width=\"300\" height=\"139\" srcset=\"https:\/\/segelfliegen-hersbruck.de\/wp-content\/uploads\/2019\/05\/hewa_400x185-Website-300x139.jpg 300w, https:\/\/segelfliegen-hersbruck.de\/wp-content\/uploads\/2019\/05\/hewa_400x185-Website.jpg 400w\" sizes=\"auto, (max-width: 300px) 100vw, 300px\" \/><\/a><\/td>\r\n<td><a href=\"http:\/\/www.rauenbusch-hersbruck.de\/\" target=\"_blank\" rel=\"noopener noreferrer\"><img loading=\"lazy\" decoding=\"async\" class=\"wp-image-456 size-medium aligncenter\" src=\"https:\/\/segelfliegen-hersbruck.de\/wp-content\/uploads\/2019\/05\/rauenbusch-400x185-website-1-300x139.jpg\" alt=\"\" width=\"300\" height=\"139\" srcset=\"https:\/\/segelfliegen-hersbruck.de\/wp-content\/uploads\/2019\/05\/rauenbusch-400x185-website-1-300x139.jpg 300w, https:\/\/segelfliegen-hersbruck.de\/wp-content\/uploads\/2019\/05\/rauenbusch-400x185-website-1.jpg 400w\" sizes=\"auto, (max-width: 300px) 100vw, 300px\" \/><\/a><\/td>\r\n<\/tr>\r\n<tr>\r\n<td><a href=\"https:\/\/www.sparkasse.de\/filialen\/h\/sparkasse-nuernberg-geschaeftsstelle-hersbruck\/12238.html\" target=\"_blank\" rel=\"noopener noreferrer\"><img loading=\"lazy\" decoding=\"async\" class=\"wp-image-454 size-medium aligncenter\" src=\"https:\/\/segelfliegen-hersbruck.de\/wp-content\/uploads\/2019\/05\/skn_400x185-website-300x139.jpg\" alt=\"\" width=\"300\" height=\"139\" srcset=\"https:\/\/segelfliegen-hersbruck.de\/wp-content\/uploads\/2019\/05\/skn_400x185-website-300x139.jpg 300w, https:\/\/segelfliegen-hersbruck.de\/wp-content\/uploads\/2019\/05\/skn_400x185-website.jpg 400w\" sizes=\"auto, (max-width: 300px) 100vw, 300px\" \/><\/a><\/td>\r\n<td><a href=\"http:\/\/www.reifen-lorenz.de\" target=\"_blank\" rel=\"noopener noreferrer\"><img loading=\"lazy\" decoding=\"async\" class=\"aligncenter wp-image-551 size-full\" src=\"https:\/\/segelfliegen-hersbruck.de\/wp-content\/uploads\/2020\/05\/reilo-300.jpg\" alt=\"\" width=\"300\" height=\"100\" \/><\/a><\/td>\r\n<\/tr>\r\n<tr>\r\n<td><a href=\"https:\/\/www.die-moebelmacher.de\" target=\"_blank\" rel=\"noopener noreferrer\"><img loading=\"lazy\" decoding=\"async\" class=\"wp-image-496 size-medium aligncenter\" src=\"https:\/\/segelfliegen-hersbruck.de\/wp-content\/uploads\/2019\/10\/moebelmacher-300.jpg\" alt=\"\" width=\"300\" height=\"139\" \/><\/a><\/td>\r\n<td><a href=\"https:\/\/rb-hersbruck.de\/\" target=\"_blank\" rel=\"noopener noreferrer\"><img loading=\"lazy\" decoding=\"async\" class=\"alignnone size-full wp-image-504 size-medium aligncenter\" src=\"https:\/\/segelfliegen-hersbruck.de\/wp-content\/uploads\/2019\/10\/raiba.jpg\" alt=\"\" width=\"300\" height=\"139\" \/><\/a><\/td>\r\n<\/tr>\r\n<tr>\r\n<td><a href=\"https:\/\/www.chairgo.de\/\" target=\"_blank\" rel=\"noopener noreferrer\"><img loading=\"lazy\" decoding=\"async\" class=\"wp-image-460 size-medium aligncenter\" src=\"https:\/\/segelfliegen-hersbruck.de\/wp-content\/uploads\/2019\/05\/chairgo_400x185_website-300x139.jpg\" alt=\"\" width=\"300\" height=\"139\" srcset=\"https:\/\/segelfliegen-hersbruck.de\/wp-content\/uploads\/2019\/05\/chairgo_400x185_website-300x139.jpg 300w, https:\/\/segelfliegen-hersbruck.de\/wp-content\/uploads\/2019\/05\/chairgo_400x185_website.jpg 400w\" sizes=\"auto, (max-width: 300px) 100vw, 300px\" \/><\/a><\/td>\r\n<td><img loading=\"lazy\" decoding=\"async\" class=\"wp-image-461 size-medium aligncenter\" src=\"https:\/\/segelfliegen-hersbruck.de\/wp-content\/uploads\/2019\/05\/lindner_400x185_website-300x139.jpg\" alt=\"\" width=\"300\" height=\"139\" srcset=\"https:\/\/segelfliegen-hersbruck.de\/wp-content\/uploads\/2019\/05\/lindner_400x185_website-300x139.jpg 300w, https:\/\/segelfliegen-hersbruck.de\/wp-content\/uploads\/2019\/05\/lindner_400x185_website.jpg 400w\" sizes=\"auto, (max-width: 300px) 100vw, 300px\" \/><\/td>\r\n<\/tr>\r\n<tr>\r\n<td><a href=\"https:\/\/hersbruck.de\/\" target=\"_blank\" rel=\"noopener noreferrer\"><img loading=\"lazy\" decoding=\"async\" class=\"wp-image-467 size-medium aligncenter\" src=\"https:\/\/segelfliegen-hersbruck.de\/wp-content\/uploads\/2019\/05\/stadt_400x185_website-300x139.jpg\" alt=\"\" width=\"300\" height=\"139\" srcset=\"https:\/\/segelfliegen-hersbruck.de\/wp-content\/uploads\/2019\/05\/stadt_400x185_website-300x139.jpg 300w, https:\/\/segelfliegen-hersbruck.de\/wp-content\/uploads\/2019\/05\/stadt_400x185_website.jpg 400w\" sizes=\"auto, (max-width: 300px) 100vw, 300px\" \/><\/a><\/td>\r\n<td><a href=\"https:\/\/vertretung.allianz.de\/agentur.kuphal\/\" target=\"_blank\" rel=\"noopener noreferrer\"><img loading=\"lazy\" decoding=\"async\" class=\"wp-image-469 size-medium aligncenter\" src=\"https:\/\/segelfliegen-hersbruck.de\/wp-content\/uploads\/2019\/05\/kupha_400x185_websitel-300x139.jpg\" alt=\"\" width=\"300\" height=\"139\" srcset=\"https:\/\/segelfliegen-hersbruck.de\/wp-content\/uploads\/2019\/05\/kupha_400x185_websitel-300x139.jpg 300w, https:\/\/segelfliegen-hersbruck.de\/wp-content\/uploads\/2019\/05\/kupha_400x185_websitel.jpg 400w\" sizes=\"auto, (max-width: 300px) 100vw, 300px\" \/><\/a><\/td>\r\n<\/tr>\r\n<\/tbody>\r\n<\/table>\r\n<p>&nbsp;<\/p>\r\n\r\n\r\n\r\n\r\n","protected":false},"excerpt":{"rendered":"<p>Wir danken allen Spendern Sponsoren und F\u00f6rderern! Ohne Sie ist ein Sport wie Segelfliegen nicht realisierbar. Ihr Vertrauen ist uns Ansporn, Ihre Unterst\u00fctzung bestm\u00f6glich einzusetzen. Insbesondere der Segelflug vereint Teamwork, Jugendarbeit und Breitensport wie kaum eine andere Sportart &#8211; und<\/p>\n","protected":false},"author":1,"featured_media":0,"parent":0,"menu_order":0,"comment_status":"closed","ping_status":"closed","template":"","meta":{"footnotes":""},"class_list":["post-420","page","type-page","status-publish","hentry"],"_links":{"self":[{"href":"https:\/\/segelfliegen-hersbruck.de\/index.php?rest_route=\/wp\/v2\/pages\/420","targetHints":{"allow":["GET"]}}],"collection":[{"href":"https:\/\/segelfliegen-hersbruck.de\/index.php?rest_route=\/wp\/v2\/pages"}],"about":[{"href":"https:\/\/segelfliegen-hersbruck.de\/index.php?rest_route=\/wp\/v2\/types\/page"}],"author":[{"embeddable":true,"href":"https:\/\/segelfliegen-hersbruck.de\/index.php?rest_route=\/wp\/v2\/users\/1"}],"replies":[{"embeddable":true,"href":"https:\/\/segelfliegen-hersbruck.de\/index.php?rest_route=%2Fwp%2Fv2%2Fcomments&post=420"}],"version-history":[{"count":65,"href":"https:\/\/segelfliegen-hersbruck.de\/index.php?rest_route=\/wp\/v2\/pages\/420\/revisions"}],"predecessor-version":[{"id":554,"href":"https:\/\/segelfliegen-hersbruck.de\/index.php?rest_route=\/wp\/v2\/pages\/420\/revisions\/554"}],"wp:attachment":[{"href":"https:\/\/segelfliegen-hersbruck.de\/index.php?rest_route=%2Fwp%2Fv2%2Fmedia&parent=420"}],"curies":[{"name":"wp","href":"https:\/\/api.w.org\/{rel}","templated":true}]}}